{"id":294,"date":"2016-10-06T03:56:06","date_gmt":"2016-10-05T19:56:06","guid":{"rendered":"http:\/\/demowp.cththemes.net\/diopter\/?page_id=294"},"modified":"2022-12-15T22:35:56","modified_gmt":"2022-12-15T22:35:56","slug":"contacts","status":"publish","type":"page","link":"https:\/\/listing.vzblt.com\/fr\/contacts\/","title":{"rendered":"Nos contacts"},"content":{"rendered":"<div data-elementor-type=\"wp-post\" data-elementor-id=\"294\" class=\"elementor elementor-294\" data-elementor-settings=\"[]\">\n\t\t\t\t\t\t\t<div class=\"elementor-section-wrap\">\n\t\t\t\t\t\t\t<section class=\"elementor-section elementor-top-section elementor-element elementor-element-d243dfa pad-bot-50 elementor-section-boxed elementor-section-height-default elementor-section-height-default\" data-id=\"d243dfa\" data-element_type=\"section\">\n\t\t\t\t\t\t<div class=\"elementor-container elementor-column-gap-wide\">\n\t\t\t\t\t<div class=\"elementor-column elementor-col-33 elementor-top-column elementor-element elementor-element-fd5ce14\" data-id=\"fd5ce14\" data-element_type=\"column\">\n\t\t\t<div class=\"elementor-widget-wrap elementor-element-populated\">\n\t\t\t\t\t\t\t\t<div class=\"elementor-element elementor-element-6cee528 elementor-widget elementor-widget-section_titleleft\" data-id=\"6cee528\" data-element_type=\"widget\" data-widget_type=\"section_titleleft.default\">\n\t\t\t\t<div class=\"elementor-widget-container\">\n\t\t\t        <div class=\"ab_text-title fl-wrap\">\n            <h3>Entrer en contact<\/h3><span class=\"section-separator fl-sec-sep\"><\/span>        <\/div>\n        \t\t<\/div>\n\t\t\t\t<\/div>\n\t\t\t\t<div class=\"elementor-element elementor-element-9ee57ee contact-infos-widget elementor-widget elementor-widget-text-editor\" data-id=\"9ee57ee\" data-element_type=\"widget\" data-widget_type=\"text-editor.default\">\n\t\t\t\t<div class=\"elementor-widget-container\">\n\t\t\t<style>\/*! elementor - v3.5.6 - 28-02-2022 *\/\n.elementor-widget-text-editor.elementor-drop-cap-view-stacked .elementor-drop-cap{background-color:#818a91;color:#fff}.elementor-widget-text-editor.elementor-drop-cap-view-framed .elementor-drop-cap{color:#818a91;border:3px solid;background-color:transparent}.elementor-widget-text-editor:not(.elementor-drop-cap-view-default) .elementor-drop-cap{margin-top:8px}.elementor-widget-text-editor:not(.elementor-drop-cap-view-default) .elementor-drop-cap-letter{width:1em;height:1em}.elementor-widget-text-editor .elementor-drop-cap{float:right;text-align:center;line-height:1;font-size:50px}.elementor-widget-text-editor .elementor-drop-cap-letter{display:inline-block}<\/style>\t\t\t\t<ul class=\"no-list-style contact-infos\">\n \t \t<li><span class=\"no-rep\"><i class=\"fal fa-phone\"><\/i> T\u00e9l\u00e9phoner :<\/span><a href=\"tel:+33 632457265\">+33 632457265<\/a><\/li>\n \t<li class=\" translation-block\"><span class=\"no-rep\"><i class=\"fal fa-envelope\"><\/i> Mail :<\/span><a href=\"mailto:info@remotelebanon.com\" target=\"_self\">info@remotelebanon.com<\/a><\/li>\n<\/ul>\n<ul class=\"no-list-style contact-socials\">\n <li><a href=\"https:\/\/twitter.com\/remotelebanon\" target=\"_blank\" rel=\"noopener\"><i class=\"fab fa-twitter\"><\/i><\/a><\/li>\n <li><a href=\"https:\/\/instagram.com\/remotelebanon961?utm_medium=copy_link\" target=\"_blank\" rel=\"noopener\"><i class=\"fab fa-instagram\"><\/i><\/a><\/li>\n<\/ul>\t\t\t\t\t\t<\/div>\n\t\t\t\t<\/div>\n\t\t\t\t<div class=\"elementor-element elementor-element-c70b4f3 elementor-hidden-desktop elementor-hidden-tablet elementor-hidden-mobile elementor-widget elementor-widget-wp-widget-townhub-banner\" data-id=\"c70b4f3\" data-element_type=\"widget\" data-widget_type=\"wp-widget-townhub-banner.default\">\n\t\t\t\t<div class=\"elementor-widget-container\">\n\t\t\t\n\t\t\t\t\n\t\t\t<div class=\"banner-wdget fl-wrap\">\n                \n                                <div class=\"bg\" data-bg=\"https:\/\/listing.vzblt.com\/wp-content\/uploads\/2019\/08\/18-768x512.jpg\"><\/div>\n                                <div class=\"overlay\"><\/div>\n                <div class=\"banner-wdget-content fl-wrap\">\n                    <h4>Participez \u00e0 notre programme de fid\u00e9lit\u00e9. Parrainez un ami et obtenez un rabais.<\/h4>\r\n<a href=\"#\" class=\"color-bg\">Lire la suite<\/a>                <\/div>\n            <\/div>\n\n        \n\t\t\t<\/div>\n\t\t\t\t<\/div>\n\t\t\t\t\t<\/div>\n\t\t<\/div>\n\t\t\t\t<div class=\"elementor-column elementor-col-66 elementor-top-column elementor-element elementor-element-bf53b92\" data-id=\"bf53b92\" data-element_type=\"column\">\n\t\t\t<div class=\"elementor-widget-wrap elementor-element-populated\">\n\t\t\t\t\t\t\t\t<div class=\"elementor-element elementor-element-49b14da elementor-widget elementor-widget-section_titleleft\" data-id=\"49b14da\" data-element_type=\"widget\" data-widget_type=\"section_titleleft.default\">\n\t\t\t\t<div class=\"elementor-widget-container\">\n\t\t\t        <div class=\"ab_text-title fl-wrap\">\n            <h3>\u00c9crivez-nous<\/h3><span class=\"section-separator fl-sec-sep\"><\/span>        <\/div>\n        \t\t<\/div>\n\t\t\t\t<\/div>\n\t\t\t\t<div class=\"elementor-element elementor-element-35465dc elementor-widget elementor-widget-text-editor\" data-id=\"35465dc\" data-element_type=\"widget\" data-widget_type=\"text-editor.default\">\n\t\t\t\t<div class=\"elementor-widget-container\">\n\t\t\t\t\t\t\tUt euismod ultricies sollicitudin. Curabitur sed dapibus nulla. Nulla eget iaculis lectus. Mauris ac maximus neque. Nam in mauris quis libero sodales eleifend. Morbi varius, nulla sit amet rutrum elementum, est elit finibus tellus, ut tristique elit risus at metus. In ut odio libero, at vulputate urna. Nulla tristique mi a massa convallis cursus. Nulla eu mi magna. Etiam suscipit commodo gravida.\t\t\t\t\t\t<\/div>\n\t\t\t\t<\/div>\n\t\t\t\t<div class=\"elementor-element elementor-element-38e24b2 elementor-widget elementor-widget-contact_form7\" data-id=\"38e24b2\" data-element_type=\"widget\" data-widget_type=\"contact_form7.default\">\n\t\t\t\t<div class=\"elementor-widget-container\">\n\t\t\t        <div class=\"contact-form7\"><div class=\"cf7sg-container cf7sg-not-grid\"><div id=\"cf7sg-form-contact-form-1-2\" class=\"key_contact-form-1-2\"><div role=\"form\" class=\"wpcf7\" id=\"wpcf7-f1582-o1\" lang=\"en-US\" dir=\"ltr\">\n<div class=\"screen-reader-response\"><p role=\"status\" aria-live=\"polite\" aria-atomic=\"true\"><\/p> <ul><\/ul><\/div>\n<form action=\"\/fr\/wp-json\/wp\/v2\/pages\/294#wpcf7-f1582-o1\" method=\"post\" class=\"wpcf7-form init\" novalidate=\"novalidate\" data-status=\"init\" data-trp-original-action=\"\/fr\/wp-json\/wp\/v2\/pages\/294#wpcf7-f1582-o1\">\n<div style=\"display: none;\">\n<input type=\"hidden\" name=\"_wpcf7\" value=\"1582\" \/>\n<input type=\"hidden\" name=\"_wpcf7_version\" value=\"5.5.6\" \/>\n<input type=\"hidden\" name=\"_wpcf7_locale\" value=\"en_US\" \/>\n<input type=\"hidden\" name=\"_wpcf7_unit_tag\" value=\"wpcf7-f1582-o1\" \/>\n<input type=\"hidden\" name=\"_wpcf7_container_post\" value=\"0\" \/>\n<input type=\"hidden\" name=\"_wpcf7_posted_data_hash\" value=\"\" \/>\n<input type=\"hidden\" name=\"_wpcf7_key\" value=\"contact-form-1-2\" \/>\n<input type=\"hidden\" name=\"_cf7sg_toggles\" value=\"\" \/>\n<input type=\"hidden\" name=\"_cf7sg_version\" value=\"4.12.12\" \/>\n<input type=\"hidden\" name=\"_wpnonce\" value=\"5362d070a4\" \/>\n<input type=\"hidden\" name=\"_wpcf7_recaptcha_response\" value=\"\" \/>\n<\/div>\n<div class=\"contact-form-holder custom-form\">\n<p>  <label><i class=\"fal fa-user\"><\/i><\/label><span class=\"wpcf7-form-control-wrap your-name\"><input type=\"text\" name=\"your-name\" value=\"\" size=\"40\" class=\"wpcf7-form-control wpcf7-text wpcf7-validates-as-required has-icon\" aria-required=\"true\" aria-invalid=\"false\" placeholder=\"votre nom\" \/><\/span><\/p>\n<div class=\"clearfix\"><\/div>\n<p>  <label><i class=\"fal fa-envelope\"><\/i><\/label><span class=\"wpcf7-form-control-wrap your-email\"><input type=\"email\" name=\"your-email\" value=\"\" size=\"40\" class=\"wpcf7-form-control wpcf7-text wpcf7-email wpcf7-validates-as-required wpcf7-validates-as-email has-icon\" aria-required=\"true\" aria-invalid=\"false\" placeholder=\"Adresse e-mail\" \/><\/span><\/p>\n<p>  <span class=\"wpcf7-form-control-wrap your-message\"><textarea name=\"your-message\" cols=\"40\" rows=\"10\" class=\"wpcf7-form-control wpcf7-textarea wpcf7-validates-as-required\" aria-required=\"true\" aria-invalid=\"false\" placeholder=\"Votre message\"><\/textarea><\/span><\/p>\n<span class=\"wpcf7-form-control-wrap recaptcha\" data-name=\"recaptcha\"><span data-sitekey=\"6LfsXIQjAAAAACLl7JXoi_S_VrV7CvlE0ctADCfD\" class=\"wpcf7-form-control g-recaptcha wpcf7-recaptcha\"><\/span>\r\n<noscript>\r\n\t<div class=\"grecaptcha-noscript\">\r\n\t\t<iframe loading=\"lazy\" src=\"https:\/\/www.google.com\/recaptcha\/api\/fallback?k=6LfsXIQjAAAAACLl7JXoi_S_VrV7CvlE0ctADCfD\" frameborder=\"0\" scrolling=\"no\" width=\"310\" height=\"430\">\r\n\t\t<\/iframe>\r\n\t\t<textarea name=\"g-recaptcha-response\" rows=\"3\" cols=\"40\" placeholder=\"reCaptcha Response Here\" data-no-translation-placeholder=\"\">\r\n\t\t<\/textarea>\r\n\t<\/div>\r\n<\/noscript>\r\n<\/span>\n<p>  <input type=\"submit\" value=\"Envoyer le message\" class=\"wpcf7-form-control has-spinner wpcf7-submit btn color2-bg\" \/><\/p>\n<\/div>\n<div class=\"wpcf7-response-output\" aria-hidden=\"true\"><\/div><input type=\"hidden\" name=\"trp-form-language\" value=\"fr\"\/><\/form><\/div><\/div><\/div><\/div>\n        \t\t<\/div>\n\t\t\t\t<\/div>\n\t\t\t\t\t<\/div>\n\t\t<\/div>\n\t\t\t\t\t\t\t<\/div>\n\t\t<\/section>\n\t\t\t\t<section class=\"elementor-section elementor-top-section elementor-element elementor-element-3792b48 elementor-section-full_width pad-bot-0 pad-top-0 elementor-section-height-default elementor-section-height-default\" data-id=\"3792b48\" data-element_type=\"section\">\n\t\t\t\t\t\t<div class=\"elementor-container elementor-column-gap-no\">\n\t\t\t\t\t<div class=\"elementor-column elementor-col-100 elementor-top-column elementor-element elementor-element-ee7403f\" data-id=\"ee7403f\" data-element_type=\"column\">\n\t\t\t<div class=\"elementor-widget-wrap elementor-element-populated\">\n\t\t\t\t\t\t\t\t<div class=\"elementor-element elementor-element-ec4e34e elementor-hidden-desktop elementor-hidden-tablet elementor-hidden-mobile elementor-widget elementor-widget-google_map\" data-id=\"ec4e34e\" data-element_type=\"widget\" data-widget_type=\"google_map.default\">\n\t\t\t\t<div class=\"elementor-widget-container\">\n\t\t\t        <div class=\"map-container\">\n                <div id=\"singleMap6a050a5271d98\" class=\"singleMap singleMap-osm\" data-lat=\"40.7143528\" data-lng=\"-74.0059731\" data-loc=\"Our office - New York City\" data-zoom=\"14\"><\/div>\n\n        <\/div>\n        \t\t<\/div>\n\t\t\t\t<\/div>\n\t\t\t\t\t<\/div>\n\t\t<\/div>\n\t\t\t\t\t\t\t<\/div>\n\t\t<\/section>\n\t\t\t\t\t\t<\/div>\n\t\t\t\t\t<\/div>","protected":false},"excerpt":{"rendered":"<p>Get in Touch Phone :+33 632457265 Mail :info@remotelebanon.com Drop us a line Ut euismod ultricies sollicitudin. Curabitur sed dapibus nulla. Nulla eget iaculis lectus. Mauris ac maximus neque. Nam in mauris quis libero sodales eleifend. Morbi varius, nulla sit amet rutrum elementum, est elit finibus tellus, ut tristique elit risus at metus. In ut odio &hellip; <\/p>","protected":false},"author":1,"featured_media":0,"parent":0,"menu_order":0,"comment_status":"closed","ping_status":"closed","template":"page-fullwidth.php","meta":{"_mi_skip_tracking":false,"footnotes":""},"class_list":["post-294","page","type-page","status-publish","hentry"],"_links":{"self":[{"href":"https:\/\/listing.vzblt.com\/fr\/wp-json\/wp\/v2\/pages\/294"}],"collection":[{"href":"https:\/\/listing.vzblt.com\/fr\/wp-json\/wp\/v2\/pages"}],"about":[{"href":"https:\/\/listing.vzblt.com\/fr\/wp-json\/wp\/v2\/types\/page"}],"author":[{"embeddable":true,"href":"https:\/\/listing.vzblt.com\/fr\/wp-json\/wp\/v2\/users\/1"}],"replies":[{"embeddable":true,"href":"https:\/\/listing.vzblt.com\/fr\/wp-json\/wp\/v2\/comments?post=294"}],"version-history":[{"count":9,"href":"https:\/\/listing.vzblt.com\/fr\/wp-json\/wp\/v2\/pages\/294\/revisions"}],"predecessor-version":[{"id":9896,"href":"https:\/\/listing.vzblt.com\/fr\/wp-json\/wp\/v2\/pages\/294\/revisions\/9896"}],"wp:attachment":[{"href":"https:\/\/listing.vzblt.com\/fr\/wp-json\/wp\/v2\/media?parent=294"}],"curies":[{"name":"wp","href":"https:\/\/api.w.org\/{rel}","templated":true}]}}